{"id":25621,"date":"2026-01-28T12:04:16","date_gmt":"2026-01-28T11:04:16","guid":{"rendered":"https:\/\/zuzenaholkularitza.com\/contacto\/"},"modified":"2026-01-28T16:55:59","modified_gmt":"2026-01-28T15:55:59","slug":"kontaktua","status":"publish","type":"page","link":"https:\/\/zuzenaholkularitza.com\/eu\/kontaktua\/","title":{"rendered":"Kontaktua"},"content":{"rendered":"\t\t<div data-elementor-type=\"wp-page\" data-elementor-id=\"25621\" class=\"elementor elementor-25621 elementor-25616\">\n\t\t\t\t<div class=\"elementor-element elementor-element-f1ea047 e-flex e-con-boxed e-con e-parent\" data-id=\"f1ea047\" data-element_type=\"container\" data-e-type=\"container\" data-settings=\"{&quot;background_background&quot;:&quot;classic&quot;}\">\n\t\t\t\t\t<div class=\"e-con-inner\">\n\t\t<div class=\"elementor-element elementor-element-e88e69c e-con-full e-flex e-con e-child\" data-id=\"e88e69c\" data-element_type=\"container\" data-e-type=\"container\">\n\t\t<div class=\"elementor-element elementor-element-4683e72 e-con-full e-flex e-con e-child\" data-id=\"4683e72\" data-element_type=\"container\" data-e-type=\"container\">\n\t\t\t\t<div class=\"elementor-element elementor-element-b473ea7 animated-fast elementor-widget__width-initial elementor-invisible elementor-widget elementor-widget-elementskit-heading\" data-id=\"b473ea7\" data-element_type=\"widget\" data-e-type=\"widget\" data-settings=\"{&quot;_animation&quot;:&quot;fadeIn&quot;,&quot;_animation_delay&quot;:100,&quot;ekit_we_effect_on&quot;:&quot;css&quot;}\" data-widget_type=\"elementskit-heading.default\">\n\t\t\t\t\t<div class=\"ekit-wid-con\" ><div class=\"ekit-heading elementskit-section-title-wraper text_left   ekit_heading_tablet-   ekit_heading_mobile-text_left\"><h2 class=\"ekit-heading--title elementskit-section-title \">Hitz egingo dugu?<\/h2><\/div><\/div>\t\t\t\t<\/div>\n\t\t\t\t<\/div>\n\t\t<div class=\"elementor-element elementor-element-dca0dbd e-con-full e-flex e-con e-child\" data-id=\"dca0dbd\" data-element_type=\"container\" data-e-type=\"container\">\n\t\t\t\t<div class=\"elementor-element elementor-element-3e560c5 animated-fast elementor-invisible elementor-widget elementor-widget-elementskit-heading\" data-id=\"3e560c5\" data-element_type=\"widget\" data-e-type=\"widget\" data-settings=\"{&quot;_animation&quot;:&quot;fadeIn&quot;,&quot;_animation_delay&quot;:200,&quot;ekit_we_effect_on&quot;:&quot;none&quot;}\" data-widget_type=\"elementskit-heading.default\">\n\t\t\t\t\t<div class=\"ekit-wid-con\" ><div class=\"ekit-heading elementskit-section-title-wraper text_left   ekit_heading_tablet-   ekit_heading_mobile-\">\t\t\t\t<div class='ekit-heading__description'>\n\t\t\t\t\t<p>Esaguzu zer behar duzun. Arreta euskaraz eta gaztelaniaz.<\/p>\n<p><strong>Astelehenetik ostiralera egiten dugu lan 8:30etatik 18:00etara<\/strong><\/p>\n\t\t\t\t<\/div>\n\t\t\t<\/div><\/div>\t\t\t\t<\/div>\n\t\t\t\t<\/div>\n\t\t\t\t<\/div>\n\t\t<div class=\"elementor-element elementor-element-0c8d91a e-con-full e-flex e-con e-child\" data-id=\"0c8d91a\" data-element_type=\"container\" data-e-type=\"container\">\n\t\t<div class=\"elementor-element elementor-element-4e8b0f0 e-con-full e-flex e-con e-child\" data-id=\"4e8b0f0\" data-element_type=\"container\" data-e-type=\"container\">\n\t\t<div class=\"elementor-element elementor-element-34a2d3d e-con-full e-flex e-con e-child\" data-id=\"34a2d3d\" data-element_type=\"container\" data-e-type=\"container\" data-settings=\"{&quot;background_background&quot;:&quot;classic&quot;}\">\n\t\t\t\t<div class=\"elementor-element elementor-element-6299a10 widget-link-underline elementor-widget__width-initial ekit-equal-height-enable elementor-widget elementor-widget-elementskit-icon-box\" data-id=\"6299a10\" data-element_type=\"widget\" data-e-type=\"widget\" data-settings=\"{&quot;ekit_we_effect_on&quot;:&quot;none&quot;}\" data-widget_type=\"elementskit-icon-box.default\">\n\t\t\t\t\t<div class=\"ekit-wid-con\" >        <!-- link opening -->\n                <!-- end link opening -->\n\n        <div class=\"elementskit-infobox text-center text-center icon-top-align elementor-animation-   \">\n                    <div class=\"elementskit-box-header elementor-animation-\">\n                <div class=\"elementskit-info-box-icon  \">\n                    <i aria-hidden=\"true\" class=\"elementkit-infobox-icon icon icon-phone-call\"><\/i>\n                <\/div>\n          <\/div>\n                        <div class=\"box-body\">\n                            <h4 class=\"elementskit-info-box-title\">\n                    Deitu                <\/h4>\n                                                    <div class=\"box-footer disable_hover_button\">\n                    <div class=\"btn-wraper\">\n                                                            <a class=\"elementskit-btn whitespace--normal\" href=\"tel:943%2081%2011%2082\">\n                                        943 15 05 55                                    <\/a>\n                                                        <\/div>\n                <\/div>\n                    <\/div>\n        \n        \n                <\/div>\n        <\/div>\t\t\t\t<\/div>\n\t\t\t\t<\/div>\n\t\t\t\t<\/div>\n\t\t<div class=\"elementor-element elementor-element-9fa6b72 e-con-full e-flex e-con e-child\" data-id=\"9fa6b72\" data-element_type=\"container\" data-e-type=\"container\">\n\t\t<div class=\"elementor-element elementor-element-c59c5d6 e-con-full e-flex e-con e-child\" data-id=\"c59c5d6\" data-element_type=\"container\" data-e-type=\"container\" data-settings=\"{&quot;background_background&quot;:&quot;classic&quot;}\">\n\t\t\t\t<div class=\"elementor-element elementor-element-5131e86 widget-link-underline elementor-widget__width-initial ekit-equal-height-enable elementor-widget elementor-widget-elementskit-icon-box\" data-id=\"5131e86\" data-element_type=\"widget\" data-e-type=\"widget\" data-settings=\"{&quot;ekit_we_effect_on&quot;:&quot;none&quot;}\" data-widget_type=\"elementskit-icon-box.default\">\n\t\t\t\t\t<div class=\"ekit-wid-con\" >        <!-- link opening -->\n                <!-- end link opening -->\n\n        <div class=\"elementskit-infobox text-center text-center icon-top-align elementor-animation-   \">\n                    <div class=\"elementskit-box-header elementor-animation-\">\n                <div class=\"elementskit-info-box-icon  \">\n                    <i aria-hidden=\"true\" class=\"elementkit-infobox-icon icon icon-email1\"><\/i>\n                <\/div>\n          <\/div>\n                        <div class=\"box-body\">\n                            <h4 class=\"elementskit-info-box-title\">\n                    Idatzi                <\/h4>\n                                                    <div class=\"box-footer disable_hover_button\">\n                    <div class=\"btn-wraper\">\n                                                            <a class=\"elementskit-btn whitespace--normal\" href=\"mailto:zuzenaholkularitza@hotmail.com\">\n                                        zuzenaholkularitza@hotmail.com                                    <\/a>\n                                                        <\/div>\n                <\/div>\n                    <\/div>\n        \n        \n                <\/div>\n        <\/div>\t\t\t\t<\/div>\n\t\t\t\t<\/div>\n\t\t\t\t<\/div>\n\t\t<div class=\"elementor-element elementor-element-f2fc1f0 e-con-full e-flex e-con e-child\" data-id=\"f2fc1f0\" data-element_type=\"container\" data-e-type=\"container\">\n\t\t<div class=\"elementor-element elementor-element-66a2544 e-con-full e-flex e-con e-child\" data-id=\"66a2544\" data-element_type=\"container\" data-e-type=\"container\" data-settings=\"{&quot;background_background&quot;:&quot;classic&quot;}\">\n\t\t\t\t<div class=\"elementor-element elementor-element-1a89f4c widget-link-underline elementor-widget__width-initial ekit-equal-height-enable elementor-widget elementor-widget-elementskit-icon-box\" data-id=\"1a89f4c\" data-element_type=\"widget\" data-e-type=\"widget\" data-settings=\"{&quot;ekit_we_effect_on&quot;:&quot;none&quot;}\" data-widget_type=\"elementskit-icon-box.default\">\n\t\t\t\t\t<div class=\"ekit-wid-con\" >        <!-- link opening -->\n                <!-- end link opening -->\n\n        <div class=\"elementskit-infobox text-center text-center icon-top-align elementor-animation-   \">\n                    <div class=\"elementskit-box-header elementor-animation-\">\n                <div class=\"elementskit-info-box-icon  \">\n                    <i aria-hidden=\"true\" class=\"elementkit-infobox-icon icon icon-map-marker\"><\/i>\n                <\/div>\n          <\/div>\n                        <div class=\"box-body\">\n                            <h4 class=\"elementskit-info-box-title\">\n                    Nola heldu                <\/h4>\n                                                    <div class=\"box-footer disable_hover_button\">\n                    <div class=\"btn-wraper\">\n                                                            <a class=\"elementskit-btn whitespace--normal\" href=\"https:\/\/maps.app.goo.gl\/9uu8YbofSqGNFevU8\">\n                                        Jose Artetxe Kalea, 17, 20730 Azpeitia                                    <\/a>\n                                                        <\/div>\n                <\/div>\n                    <\/div>\n        \n        \n                <\/div>\n        <\/div>\t\t\t\t<\/div>\n\t\t\t\t<\/div>\n\t\t\t\t<\/div>\n\t\t\t\t<\/div>\n\t\t\t\t\t<\/div>\n\t\t\t\t<\/div>\n\t\t<div class=\"elementor-element elementor-element-66dd76a e-flex e-con-boxed e-con e-parent\" data-id=\"66dd76a\" data-element_type=\"container\" data-e-type=\"container\" data-settings=\"{&quot;background_background&quot;:&quot;gradient&quot;}\">\n\t\t\t\t\t<div class=\"e-con-inner\">\n\t\t<div class=\"elementor-element elementor-element-422a70a e-con-full e-flex e-con e-child\" data-id=\"422a70a\" data-element_type=\"container\" data-e-type=\"container\">\n\t\t<div class=\"elementor-element elementor-element-d3e3ac0 e-con-full e-flex e-con e-child\" data-id=\"d3e3ac0\" data-element_type=\"container\" data-e-type=\"container\" data-settings=\"{&quot;background_background&quot;:&quot;classic&quot;}\">\n\t\t<div class=\"elementor-element elementor-element-9df1901 e-con-full e-flex e-con e-child\" data-id=\"9df1901\" data-element_type=\"container\" data-e-type=\"container\" data-settings=\"{&quot;background_background&quot;:&quot;classic&quot;}\">\n\t\t\t\t<div class=\"elementor-element elementor-element-aba66dc animated-fast elementor-invisible elementor-widget elementor-widget-elementskit-contact-form7\" data-id=\"aba66dc\" data-element_type=\"widget\" data-e-type=\"widget\" data-settings=\"{&quot;_animation&quot;:&quot;fadeIn&quot;,&quot;_animation_delay&quot;:100,&quot;ekit_we_effect_on&quot;:&quot;none&quot;}\" data-widget_type=\"elementskit-contact-form7.default\">\n\t\t\t\t\t<div class=\"ekit-wid-con\" ><div class=\"ekit-form\">\n<div class=\"wpcf7 no-js\" id=\"wpcf7-f25050-p25621-o1\" lang=\"es-ES\" dir=\"ltr\" data-wpcf7-id=\"25050\">\n<div class=\"screen-reader-response\"><p role=\"status\" aria-live=\"polite\" aria-atomic=\"true\"><\/p> <ul><\/ul><\/div>\n<form action=\"\/eu\/kontaktua\/#wpcf7-f25050-p25621-o1\" method=\"post\" class=\"wpcf7-form init\" aria-label=\"Contact form\" novalidate=\"novalidate\" data-status=\"init\">\n<fieldset class=\"hidden-fields-container\"><input type=\"hidden\" name=\"_wpcf7\" value=\"25050\" \/><input type=\"hidden\" name=\"_wpcf7_version\" value=\"6.1.5\" \/><input type=\"hidden\" name=\"_wpcf7_locale\" value=\"es_ES\" \/><input type=\"hidden\" name=\"_wpcf7_unit_tag\" value=\"wpcf7-f25050-p25621-o1\" \/><input type=\"hidden\" name=\"_wpcf7_container_post\" value=\"25621\" \/><input type=\"hidden\" name=\"_wpcf7_posted_data_hash\" value=\"\" \/>\n<\/fieldset>\n<p><span class=\"wpcf7-form-control-wrap\" data-name=\"nombre-completo\"><input size=\"40\" maxlength=\"400\" class=\"wpcf7-form-control wpcf7-text wpcf7-validates-as-required\" autocomplete=\"name\" aria-required=\"true\" aria-invalid=\"false\" value=\"Izena\" type=\"text\" name=\"nombre-completo\" \/><\/span>\n<\/p>\n<p><span class=\"wpcf7-form-control-wrap\" data-name=\"email\"><input size=\"40\" maxlength=\"400\" class=\"wpcf7-form-control wpcf7-email wpcf7-validates-as-required wpcf7-text wpcf7-validates-as-email\" autocomplete=\"email\" aria-required=\"true\" aria-invalid=\"false\" value=\"Emaila\" type=\"email\" name=\"email\" \/><\/span>\n<\/p>\n<p><span class=\"wpcf7-form-control-wrap\" data-name=\"asunto\"><input size=\"40\" maxlength=\"400\" class=\"wpcf7-form-control wpcf7-text\" aria-invalid=\"false\" value=\"Izenburua\" type=\"text\" name=\"asunto\" \/><\/span>\n<\/p>\n<p><span class=\"wpcf7-form-control-wrap\" data-name=\"consulta\"><textarea cols=\"40\" rows=\"10\" maxlength=\"2000\" class=\"wpcf7-form-control wpcf7-textarea\" aria-invalid=\"false\" name=\"consulta\">Mezua<\/textarea><\/span>\n<\/p>\n<p><span class=\"wpcf7-form-control-wrap\" data-name=\"acceptance-739\"><span class=\"wpcf7-form-control wpcf7-acceptance\"><span class=\"wpcf7-list-item\"><label><input type=\"checkbox\" name=\"acceptance-739\" value=\"1\" aria-invalid=\"false\" \/><span class=\"wpcf7-list-item-label\">Webguneko termino eta baldintzak onartzen ditut.<\/span><\/label><\/span><\/span><\/span>\n<\/p>\n<p><input class=\"wpcf7-form-control wpcf7-submit has-spinner\" type=\"submit\" value=\"Bidali\" \/>\n<\/p><div class=\"wpcf7-response-output\" aria-hidden=\"true\"><\/div>\n<\/form>\n<\/div>\n<\/div><\/div>\t\t\t\t<\/div>\n\t\t\t\t<\/div>\n\t\t<div class=\"elementor-element elementor-element-cb0ca58 e-con-full e-flex e-con e-child\" data-id=\"cb0ca58\" data-element_type=\"container\" data-e-type=\"container\" data-settings=\"{&quot;background_background&quot;:&quot;classic&quot;}\">\n\t\t<div class=\"elementor-element elementor-element-887c2d3 e-con-full e-flex e-con e-child\" data-id=\"887c2d3\" data-element_type=\"container\" data-e-type=\"container\">\n\t\t\t\t<div class=\"elementor-element elementor-element-456a7ed elementor-widget elementor-widget-spacer\" data-id=\"456a7ed\" data-element_type=\"widget\" data-e-type=\"widget\" data-settings=\"{&quot;ekit_we_effect_on&quot;:&quot;none&quot;}\" data-widget_type=\"spacer.default\">\n\t\t\t\t\t\t\t<div class=\"elementor-spacer\">\n\t\t\t<div class=\"elementor-spacer-inner\"><\/div>\n\t\t<\/div>\n\t\t\t\t\t\t<\/div>\n\t\t\t\t<\/div>\n\t\t\t\t<\/div>\n\t\t\t\t<\/div>\n\t\t\t\t<\/div>\n\t\t\t\t\t<\/div>\n\t\t\t\t<\/div>\n\t\t\t\t<\/div>\n\t\t","protected":false},"excerpt":{"rendered":"<p>Hitz egingo dugu? Esaguzu zer behar duzun. Arreta euskaraz eta gaztelaniaz. Astelehenetik ostiralera egiten dugu lan 8:30etatik 18:00etara Deitu 943 15 05 55 Idatzi zuzenaholkularitza@hotmail.com Nola heldu Jose Artetxe Kalea, 17, 20730 Azpeitia Mezua Webguneko termino eta baldintzak onartzen ditut.<\/p>\n","protected":false},"author":3,"featured_media":0,"parent":0,"menu_order":0,"comment_status":"closed","ping_status":"closed","template":"","meta":{"footnotes":""},"class_list":["post-25621","page","type-page","status-publish","hentry"],"yoast_head":"<!-- This site is optimized with the Yoast SEO plugin v26.9 - https:\/\/yoast.com\/product\/yoast-seo-wordpress\/ -->\n<title>Harremanetan jarri | Zuzen Aholkularitza<\/title>\n<meta name=\"description\" content=\"Zuzen Aholkularitzarekin harremanetan jartzeko bide guztiak: telefonoa, posta elektronikoa eta formularioa. Azpeitia (Gipuzkoa).\" \/>\n<meta name=\"robots\" content=\"index, follow, max-snippet:-1, max-image-preview:large, max-video-preview:-1\" \/>\n<link rel=\"canonical\" href=\"https:\/\/zuzenaholkularitza.com\/eu\/kontaktua\/\" \/>\n<meta property=\"og:locale\" content=\"eu_ES\" \/>\n<meta property=\"og:type\" content=\"article\" \/>\n<meta property=\"og:title\" content=\"Harremanetan jarri | Zuzen Aholkularitza\" \/>\n<meta property=\"og:description\" content=\"Zuzen Aholkularitzarekin harremanetan jartzeko bide guztiak: telefonoa, posta elektronikoa eta formularioa. Azpeitia (Gipuzkoa).\" \/>\n<meta property=\"og:url\" content=\"https:\/\/zuzenaholkularitza.com\/eu\/kontaktua\/\" \/>\n<meta property=\"og:site_name\" content=\"Zuzen Aholkularitza\" \/>\n<meta property=\"article:modified_time\" content=\"2026-01-28T15:55:59+00:00\" \/>\n<meta name=\"twitter:card\" content=\"summary_large_image\" \/>\n<meta name=\"twitter:label1\" content=\"Est. reading time\" \/>\n\t<meta name=\"twitter:data1\" content=\"1 minute\" \/>\n<script type=\"application\/ld+json\" class=\"yoast-schema-graph\">{\"@context\":\"https:\/\/schema.org\",\"@graph\":[{\"@type\":\"WebPage\",\"@id\":\"https:\/\/zuzenaholkularitza.com\/eu\/kontaktua\/\",\"url\":\"https:\/\/zuzenaholkularitza.com\/eu\/kontaktua\/\",\"name\":\"Harremanetan jarri | Zuzen Aholkularitza\",\"isPartOf\":{\"@id\":\"https:\/\/zuzenaholkularitza.com\/#website\"},\"datePublished\":\"2026-01-28T11:04:16+00:00\",\"dateModified\":\"2026-01-28T15:55:59+00:00\",\"description\":\"Zuzen Aholkularitzarekin harremanetan jartzeko bide guztiak: telefonoa, posta elektronikoa eta formularioa. Azpeitia (Gipuzkoa).\",\"breadcrumb\":{\"@id\":\"https:\/\/zuzenaholkularitza.com\/eu\/kontaktua\/#breadcrumb\"},\"inLanguage\":\"eu-ES\",\"potentialAction\":[{\"@type\":\"ReadAction\",\"target\":[\"https:\/\/zuzenaholkularitza.com\/eu\/kontaktua\/\"]}]},{\"@type\":\"BreadcrumbList\",\"@id\":\"https:\/\/zuzenaholkularitza.com\/eu\/kontaktua\/#breadcrumb\",\"itemListElement\":[{\"@type\":\"ListItem\",\"position\":1,\"name\":\"Portada\",\"item\":\"https:\/\/zuzenaholkularitza.com\/eu\/\"},{\"@type\":\"ListItem\",\"position\":2,\"name\":\"Kontaktua\"}]},{\"@type\":\"WebSite\",\"@id\":\"https:\/\/zuzenaholkularitza.com\/#website\",\"url\":\"https:\/\/zuzenaholkularitza.com\/\",\"name\":\"Zuzen Gestor\u00eda\",\"description\":\"Tr\u00e1mites r\u00e1pidos y seguros\",\"publisher\":{\"@id\":\"https:\/\/zuzenaholkularitza.com\/#organization\"},\"potentialAction\":[{\"@type\":\"SearchAction\",\"target\":{\"@type\":\"EntryPoint\",\"urlTemplate\":\"https:\/\/zuzenaholkularitza.com\/?s={search_term_string}\"},\"query-input\":{\"@type\":\"PropertyValueSpecification\",\"valueRequired\":true,\"valueName\":\"search_term_string\"}}],\"inLanguage\":\"eu-ES\"},{\"@type\":\"Organization\",\"@id\":\"https:\/\/zuzenaholkularitza.com\/#organization\",\"name\":\"Zuzen Gestor\u00eda\",\"url\":\"https:\/\/zuzenaholkularitza.com\/\",\"logo\":{\"@type\":\"ImageObject\",\"inLanguage\":\"eu-ES\",\"@id\":\"https:\/\/zuzenaholkularitza.com\/#\/schema\/logo\/image\/\",\"url\":\"https:\/\/zuzenaholkularitza.com\/wp-content\/uploads\/2023\/11\/zuzen-logo.png\",\"contentUrl\":\"https:\/\/zuzenaholkularitza.com\/wp-content\/uploads\/2023\/11\/zuzen-logo.png\",\"width\":910,\"height\":540,\"caption\":\"Zuzen Gestor\u00eda\"},\"image\":{\"@id\":\"https:\/\/zuzenaholkularitza.com\/#\/schema\/logo\/image\/\"}}]}<\/script>\n<!-- \/ Yoast SEO plugin. -->","yoast_head_json":{"title":"Harremanetan jarri | Zuzen Aholkularitza","description":"Zuzen Aholkularitzarekin harremanetan jartzeko bide guztiak: telefonoa, posta elektronikoa eta formularioa. Azpeitia (Gipuzkoa).","robots":{"index":"index","follow":"follow","max-snippet":"max-snippet:-1","max-image-preview":"max-image-preview:large","max-video-preview":"max-video-preview:-1"},"canonical":"https:\/\/zuzenaholkularitza.com\/eu\/kontaktua\/","og_locale":"eu_ES","og_type":"article","og_title":"Harremanetan jarri | Zuzen Aholkularitza","og_description":"Zuzen Aholkularitzarekin harremanetan jartzeko bide guztiak: telefonoa, posta elektronikoa eta formularioa. Azpeitia (Gipuzkoa).","og_url":"https:\/\/zuzenaholkularitza.com\/eu\/kontaktua\/","og_site_name":"Zuzen Aholkularitza","article_modified_time":"2026-01-28T15:55:59+00:00","twitter_card":"summary_large_image","twitter_misc":{"Est. reading time":"1 minute"},"schema":{"@context":"https:\/\/schema.org","@graph":[{"@type":"WebPage","@id":"https:\/\/zuzenaholkularitza.com\/eu\/kontaktua\/","url":"https:\/\/zuzenaholkularitza.com\/eu\/kontaktua\/","name":"Harremanetan jarri | Zuzen Aholkularitza","isPartOf":{"@id":"https:\/\/zuzenaholkularitza.com\/#website"},"datePublished":"2026-01-28T11:04:16+00:00","dateModified":"2026-01-28T15:55:59+00:00","description":"Zuzen Aholkularitzarekin harremanetan jartzeko bide guztiak: telefonoa, posta elektronikoa eta formularioa. Azpeitia (Gipuzkoa).","breadcrumb":{"@id":"https:\/\/zuzenaholkularitza.com\/eu\/kontaktua\/#breadcrumb"},"inLanguage":"eu-ES","potentialAction":[{"@type":"ReadAction","target":["https:\/\/zuzenaholkularitza.com\/eu\/kontaktua\/"]}]},{"@type":"BreadcrumbList","@id":"https:\/\/zuzenaholkularitza.com\/eu\/kontaktua\/#breadcrumb","itemListElement":[{"@type":"ListItem","position":1,"name":"Portada","item":"https:\/\/zuzenaholkularitza.com\/eu\/"},{"@type":"ListItem","position":2,"name":"Kontaktua"}]},{"@type":"WebSite","@id":"https:\/\/zuzenaholkularitza.com\/#website","url":"https:\/\/zuzenaholkularitza.com\/","name":"Zuzen Gestor\u00eda","description":"Tr\u00e1mites r\u00e1pidos y seguros","publisher":{"@id":"https:\/\/zuzenaholkularitza.com\/#organization"},"potentialAction":[{"@type":"SearchAction","target":{"@type":"EntryPoint","urlTemplate":"https:\/\/zuzenaholkularitza.com\/?s={search_term_string}"},"query-input":{"@type":"PropertyValueSpecification","valueRequired":true,"valueName":"search_term_string"}}],"inLanguage":"eu-ES"},{"@type":"Organization","@id":"https:\/\/zuzenaholkularitza.com\/#organization","name":"Zuzen Gestor\u00eda","url":"https:\/\/zuzenaholkularitza.com\/","logo":{"@type":"ImageObject","inLanguage":"eu-ES","@id":"https:\/\/zuzenaholkularitza.com\/#\/schema\/logo\/image\/","url":"https:\/\/zuzenaholkularitza.com\/wp-content\/uploads\/2023\/11\/zuzen-logo.png","contentUrl":"https:\/\/zuzenaholkularitza.com\/wp-content\/uploads\/2023\/11\/zuzen-logo.png","width":910,"height":540,"caption":"Zuzen Gestor\u00eda"},"image":{"@id":"https:\/\/zuzenaholkularitza.com\/#\/schema\/logo\/image\/"}}]}},"_links":{"self":[{"href":"https:\/\/zuzenaholkularitza.com\/eu\/wp-json\/wp\/v2\/pages\/25621","targetHints":{"allow":["GET"]}}],"collection":[{"href":"https:\/\/zuzenaholkularitza.com\/eu\/wp-json\/wp\/v2\/pages"}],"about":[{"href":"https:\/\/zuzenaholkularitza.com\/eu\/wp-json\/wp\/v2\/types\/page"}],"author":[{"embeddable":true,"href":"https:\/\/zuzenaholkularitza.com\/eu\/wp-json\/wp\/v2\/users\/3"}],"replies":[{"embeddable":true,"href":"https:\/\/zuzenaholkularitza.com\/eu\/wp-json\/wp\/v2\/comments?post=25621"}],"version-history":[{"count":8,"href":"https:\/\/zuzenaholkularitza.com\/eu\/wp-json\/wp\/v2\/pages\/25621\/revisions"}],"predecessor-version":[{"id":25711,"href":"https:\/\/zuzenaholkularitza.com\/eu\/wp-json\/wp\/v2\/pages\/25621\/revisions\/25711"}],"wp:attachment":[{"href":"https:\/\/zuzenaholkularitza.com\/eu\/wp-json\/wp\/v2\/media?parent=25621"}],"curies":[{"name":"wp","href":"https:\/\/api.w.org\/{rel}","templated":true}]}}