{"id":24956,"date":"2023-12-14T13:52:38","date_gmt":"2023-12-14T12:52:38","guid":{"rendered":"https:\/\/zuzenaholkularitza.com\/politica-privacidad\/"},"modified":"2026-01-29T09:13:36","modified_gmt":"2026-01-29T08:13:36","slug":"pribatutasun-politika","status":"publish","type":"page","link":"https:\/\/zuzenaholkularitza.com\/eu\/pribatutasun-politika\/","title":{"rendered":"Pribatutasun politika"},"content":{"rendered":"\t\t<div data-elementor-type=\"wp-page\" data-elementor-id=\"24956\" class=\"elementor elementor-24956 elementor-23790\">\n\t\t\t\t<div class=\"elementor-element elementor-element-a207d7c e-flex e-con-boxed e-con e-parent\" data-id=\"a207d7c\" data-element_type=\"container\" data-e-type=\"container\" data-settings=\"{&quot;background_background&quot;:&quot;classic&quot;}\">\n\t\t\t\t\t<div class=\"e-con-inner\">\n\t\t<div class=\"elementor-element elementor-element-9e85143 e-con-full e-flex e-con e-child\" data-id=\"9e85143\" data-element_type=\"container\" data-e-type=\"container\">\n\t\t\t\t<div class=\"elementor-element elementor-element-09f6c86 animated-fast elementor-invisible elementor-widget elementor-widget-elementskit-heading\" data-id=\"09f6c86\" data-element_type=\"widget\" data-e-type=\"widget\" data-settings=\"{&quot;ekit_we_effect_on&quot;:&quot;css&quot;,&quot;_animation&quot;:&quot;fadeIn&quot;,&quot;_animation_delay&quot;:100}\" data-widget_type=\"elementskit-heading.default\">\n\t\t\t\t\t<div class=\"ekit-wid-con\" ><div class=\"ekit-heading elementskit-section-title-wraper text_left   ekit_heading_tablet-   ekit_heading_mobile-\"><h1 class=\"ekit-heading--title elementskit-section-title \">Pribatutasun politika<\/h1><\/div><\/div>\t\t\t\t<\/div>\n\t\t\t\t<\/div>\n\t\t\t\t\t<\/div>\n\t\t\t\t<\/div>\n\t\t<div class=\"elementor-element elementor-element-513b329 e-flex e-con-boxed e-con e-parent\" data-id=\"513b329\" data-element_type=\"container\" data-e-type=\"container\" data-settings=\"{&quot;animation&quot;:&quot;none&quot;}\">\n\t\t\t\t\t<div class=\"e-con-inner\">\n\t\t<div class=\"elementor-element elementor-element-d5fae64 e-con-full e-flex e-con e-child\" data-id=\"d5fae64\" data-element_type=\"container\" data-e-type=\"container\">\n\t\t<div class=\"elementor-element elementor-element-8fbd93a e-con-full sticky-section e-flex e-con e-child\" data-id=\"8fbd93a\" data-element_type=\"container\" data-e-type=\"container\" id=\"section1\">\n\t\t<div class=\"elementor-element elementor-element-41727fd e-con-full e-flex e-con e-child\" data-id=\"41727fd\" data-element_type=\"container\" data-e-type=\"container\">\n\t\t\t\t<div class=\"elementor-element elementor-element-24fe74a animated-fast elementor-invisible elementor-widget elementor-widget-text-editor\" data-id=\"24fe74a\" data-element_type=\"widget\" data-e-type=\"widget\" data-settings=\"{&quot;_animation&quot;:&quot;fadeIn&quot;,&quot;_animation_delay&quot;:100,&quot;ekit_we_effect_on&quot;:&quot;none&quot;}\" data-widget_type=\"text-editor.default\">\n\t\t\t\t\t\t\t\t\t<p>Sozietatearen izena: Asiain Gestor\u00eda SL<br \/>Helbidea: ZUZEN AHOLKULARITZA S.L.<br \/>IFK: B20550661<br \/>Telefonoa: <span class=\"ekit-stylish-list-content-title\">943 15 05 55<br \/>Posta elektronikoa: C\/ JOS\u00c9 ARTETXE, 17 &#8211; 1, AZPEITIA 20730 GIPUZKOA<br \/>Domeinuaren izena: zuzenaholku@hotmail.com<\/span><\/p>\t\t\t\t\t\t\t\t<\/div>\n\t\t\t\t<\/div>\n\t\t\t\t<\/div>\n\t\t<div class=\"elementor-element elementor-element-e8fbf51 e-con-full sticky-section e-flex e-con e-child\" data-id=\"e8fbf51\" data-element_type=\"container\" data-e-type=\"container\" id=\"section2\">\n\t\t<div class=\"elementor-element elementor-element-e603c25 e-con-full e-flex e-con e-child\" data-id=\"e603c25\" data-element_type=\"container\" data-e-type=\"container\">\n\t\t\t\t<div class=\"elementor-element elementor-element-7d72d4c animated-fast elementor-invisible elementor-widget elementor-widget-elementskit-heading\" data-id=\"7d72d4c\" data-element_type=\"widget\" data-e-type=\"widget\" data-settings=\"{&quot;_animation&quot;:&quot;fadeIn&quot;,&quot;_animation_delay&quot;:100,&quot;ekit_we_effect_on&quot;:&quot;none&quot;}\" data-widget_type=\"elementskit-heading.default\">\n\t\t\t\t\t<div class=\"ekit-wid-con\" ><div class=\"ekit-heading elementskit-section-title-wraper text_left   ekit_heading_tablet-   ekit_heading_mobile-\"><h3 class=\"ekit-heading--title elementskit-section-title \">Datu pertsonalen babesa<\/h3><\/div><\/div>\t\t\t\t<\/div>\n\t\t\t\t<\/div>\n\t\t<div class=\"elementor-element elementor-element-ae31ac5 e-con-full e-flex e-con e-child\" data-id=\"ae31ac5\" data-element_type=\"container\" data-e-type=\"container\">\n\t\t\t\t<div class=\"elementor-element elementor-element-18ff819 animated-fast elementor-invisible elementor-widget elementor-widget-text-editor\" data-id=\"18ff819\" data-element_type=\"widget\" data-e-type=\"widget\" data-settings=\"{&quot;_animation&quot;:&quot;fadeIn&quot;,&quot;_animation_delay&quot;:100,&quot;ekit_we_effect_on&quot;:&quot;none&quot;}\" data-widget_type=\"text-editor.default\">\n\t\t\t\t\t\t\t\t\t<p>ZUZEN AHOLKULARITZA S.L.-ren, jabetzakoa den webgune honetan, gure erabiltzaileek emandako datu pertsonalak erabat babesten ditugula ziurtatzen dugu.<\/p>\n<p>Atal honetan, interesdunaren eskura jartzen dugu gure enpresak egiten dituen datu-tratamenduei buruzko lege-informazioa edo pribatutasun-politika.<\/p>\n<p>Gure enpresarekin duzun harremanaren arabera, dagokion pribatutasun-politika aplikatuko zaizu:<\/p>\t\t\t\t\t\t\t\t<\/div>\n\t\t\t\t<\/div>\n\t\t\t\t<\/div>\n\t\t<div class=\"elementor-element elementor-element-4bf5e7f e-con-full sticky-section e-flex e-con e-child\" data-id=\"4bf5e7f\" data-element_type=\"container\" data-e-type=\"container\" id=\"section3\">\n\t\t<div class=\"elementor-element elementor-element-62d00c6 e-con-full e-flex e-con e-child\" data-id=\"62d00c6\" data-element_type=\"container\" data-e-type=\"container\">\n\t\t\t\t<div class=\"elementor-element elementor-element-8d08993 animated-fast elementor-invisible elementor-widget elementor-widget-elementskit-heading\" data-id=\"8d08993\" data-element_type=\"widget\" data-e-type=\"widget\" data-settings=\"{&quot;_animation&quot;:&quot;fadeIn&quot;,&quot;_animation_delay&quot;:100,&quot;ekit_we_effect_on&quot;:&quot;none&quot;}\" data-widget_type=\"elementskit-heading.default\">\n\t\t\t\t\t<div class=\"ekit-wid-con\" ><div class=\"ekit-heading elementskit-section-title-wraper text_left   ekit_heading_tablet-   ekit_heading_mobile-\"><h3 class=\"ekit-heading--title elementskit-section-title \">Kontaktuak<\/h3><\/div><\/div>\t\t\t\t<\/div>\n\t\t\t\t<\/div>\n\t\t<div class=\"elementor-element elementor-element-7d9cf90 e-con-full e-flex e-con e-child\" data-id=\"7d9cf90\" data-element_type=\"container\" data-e-type=\"container\">\n\t\t\t\t<div class=\"elementor-element elementor-element-778d9f0 animated-fast elementor-invisible elementor-widget elementor-widget-text-editor\" data-id=\"778d9f0\" data-element_type=\"widget\" data-e-type=\"widget\" data-settings=\"{&quot;_animation&quot;:&quot;fadeIn&quot;,&quot;_animation_delay&quot;:100,&quot;ekit_we_effect_on&quot;:&quot;none&quot;}\" data-widget_type=\"text-editor.default\">\n\t\t\t\t\t\t\t\t\t<ul>\n<li><strong>Nor da zure datuen arduraduna?<\/strong><br \/>Abenduaren 5eko 3\/2018 Lege Organikoak, Datu Pertsonalak Babesteari eta Eskubide Digitalak Bermatzeari buruzkoak (DBLO), eta 2016ko apirilaren 27ko Datuak Babesteko Erregelamendu Orokorrak (DBEO) ezarritakoaren arabera, jakinarazten dizugu aurkeztutako datu pertsonalak ZUZEN AHOLKULARITZA S.L.-k tratatuko dituela (IFK: B20550661; helbidea: C\/ JOS\u00c9 ARTETXE, 17 &#8211; 1, AZPEITIA 20730 GIPUZKOA<\/li>\n<li><strong>Zertarako tratatzen ditugu zure datu pertsonalak?<\/strong><br \/>Zuk emandako datuak beharrezkoak dira eskatutako zerbitzua berme guztiekin eman ahal izateko, eta honako helburu hauekin tratatuko dira: Komunikaziorako harremanetarako datuen kudeaketa, prospekzio komertziala eta publizitate-bidalketa.<\/li>\n<li><strong>Zenbat denboraz gordeko ditugu zure datuak?<\/strong><br \/>Interesdunarekin harremanetan jartzeko beharrezkoak izan daitezkeela aurreikusten den bitartean gordeko dira emandako datu pertsonalak.<\/li>\n<li><strong>Zein da zure datuen tratamendurako legitimazioa?<\/strong><br \/>Zure datuak tratatzeko legezko oinarria interesdunak harremanetarako datuak emateko emandako baimena da.<\/li>\n<li><strong>Zein hartzaileri jakinaraziko zaizkio zure datuak?<\/strong><br \/>Zure datuak ez zaizkie hirugarrenei lagako, legeak hala agintzen ez badu.<\/li>\n<li><strong>Zeintzuk dira zure eskubideak zure datuak ematen dizkiguzunean? <\/strong>Edozein pertsonak du bere datu pertsonalak eskuratzeko, zuzentzeko, ezabatzeko, tratamendua mugatzeko, aurka egiteko edo eramangarritasunerako eskubidea eskatzeko eskubidea, gure bulegoetako helbidera idatziz, edo zuzenaholku@hotmail.com helbidera mezu elektroniko bat bidaliz, erabili nahi duen eskubidea adieraziz.<\/li>\n<li>Era berean, emandako baimena edozein unetan kentzeko eskubidea izango du. Baimena kentzeak ez du eraginik izango baimen hori kendu aurretik egindako tratamenduaren zilegitasunean.<\/li>\n<li>Eskubidea du erreklamazio bat aurkezteko kontrol-agintaritzan, baldin eta bere datu pertsonalen babesari dagokionez bere eskubideak urratu direla uste badu.<\/li>\n<\/ul>\t\t\t\t\t\t\t\t<\/div>\n\t\t\t\t<\/div>\n\t\t\t\t<\/div>\n\t\t<div class=\"elementor-element elementor-element-99fc272 e-con-full sticky-section e-flex e-con e-child\" data-id=\"99fc272\" data-element_type=\"container\" data-e-type=\"container\" id=\"section4\">\n\t\t<div class=\"elementor-element elementor-element-41db455 e-con-full e-flex e-con e-child\" data-id=\"41db455\" data-element_type=\"container\" data-e-type=\"container\">\n\t\t\t\t<div class=\"elementor-element elementor-element-0e30537 animated-fast elementor-invisible elementor-widget elementor-widget-elementskit-heading\" data-id=\"0e30537\" data-element_type=\"widget\" data-e-type=\"widget\" data-settings=\"{&quot;_animation&quot;:&quot;fadeIn&quot;,&quot;_animation_delay&quot;:100,&quot;ekit_we_effect_on&quot;:&quot;none&quot;}\" data-widget_type=\"elementskit-heading.default\">\n\t\t\t\t\t<div class=\"ekit-wid-con\" ><div class=\"ekit-heading elementskit-section-title-wraper text_left   ekit_heading_tablet-   ekit_heading_mobile-\"><h3 class=\"ekit-heading--title elementskit-section-title \">Bezeroak<\/h3><\/div><\/div>\t\t\t\t<\/div>\n\t\t\t\t<\/div>\n\t\t<div class=\"elementor-element elementor-element-d9ccbe4 e-con-full e-flex e-con e-child\" data-id=\"d9ccbe4\" data-element_type=\"container\" data-e-type=\"container\">\n\t\t\t\t<div class=\"elementor-element elementor-element-20b133e animated-fast elementor-invisible elementor-widget elementor-widget-text-editor\" data-id=\"20b133e\" data-element_type=\"widget\" data-e-type=\"widget\" data-settings=\"{&quot;_animation&quot;:&quot;fadeIn&quot;,&quot;_animation_delay&quot;:100,&quot;ekit_we_effect_on&quot;:&quot;none&quot;}\" data-widget_type=\"text-editor.default\">\n\t\t\t\t\t\t\t\t\t<ul>\n<li><strong>Nor da zure datuen arduraduna?<\/strong><br \/>Abenduaren 5eko 3\/2018 Lege Organikoak, Datu Pertsonalak Babesteari eta Eskubide Digitalak Bermatzeari buruzkoak (DBLO), eta 2016ko apirilaren 27ko Datuak Babesteko Erregelamendu Orokorrak (DBEO) ezarritakoaren arabera, jakinarazten dizugu emandako datu pertsonalak ZUZEN AHOLKULARITZA S.L. tratatuko dituela (IFK: B20550661; helbidea: C\/ JOS\u00c9 ARTETXE, 17 &#8211; 1, AZPEITIA 20730 GIPUZKOA.<\/li>\n<li><strong>Zertarako tratatzen ditugu zure datu pertsonalak?<\/strong><br \/>Zuk emandako datuak beharrezkoak dira eskatutako zerbitzua berme guztiekin eman ahal izateko, eta honako helburu hauekin tratatuko dira: administrazio-, kontabilitate- eta zerga-kudeaketa, merkataritza-harremanen eta transakzio ekonomikoen kudeaketa, marketing- eta publizitate-ekintzak oro har.<\/li>\n<li><strong>Zenbat denboraz gordeko ditugu zure datuak?<\/strong><br \/>Emandako datu pertsonalak kontratu-harremana amaitu arte gordeko dira, eta, ondoren, legez eskatutako epeetan.<\/li>\n<li><strong>Zein da zure datuen tratamendurako legitimazioa?<\/strong><br \/>Zure datuak tratatzeko legezko oinarria gurekin sinatutako kontratua gauzatzea da.<\/li>\n<li><strong>Zein hartzaileri jakinaraziko zaizkio zure datuak?<\/strong><br \/>Aurreikusitako helburua betetzeko, datuak honako hauei jakinarazi ahal izango zaizkie: zerga-administrazioa; bankuak, aurrezki-kutxak eta landa-kutxak; arlo horretan eskumena duen administrazio publikoa.<\/li>\n<li><strong>Zeintzuk dira zure eskubideak zure datuak ematen dizkiguzunean?<\/strong><br \/>Edozein pertsonak du bere datu pertsonalak eskuratzeko, zuzentzeko, ezabatzeko, tratamendua mugatzeko, aurka egiteko edo eramangarritasunerako eskubidea eskatzeko eskubidea, gure bulegoetako helbidera idatziz, zuzenaholku@hotmail.com, helbidera mezu elektroniko bat bidaliz, erabili nahi duen eskubidea adieraziz.<\/li>\n<li>Era berean, emandako baimena edozein unetan kentzeko eskubidea izango du. Baimena kentzeak ez du eraginik izango baimen hori kendu aurretik egindako tratamenduaren zilegitasunean.<\/li>\n<li>Eskubidea du erreklamazio bat aurkezteko kontrol-agintaritzan, baldin eta bere datu pertsonalen babesari dagokionez bere eskubideak urratu direla uste badu.<\/li>\n<\/ul>\t\t\t\t\t\t\t\t<\/div>\n\t\t\t\t<\/div>\n\t\t\t\t<\/div>\n\t\t\t\t<\/div>\n\t\t\t\t\t<\/div>\n\t\t\t\t<\/div>\n\t\t\t\t<\/div>\n\t\t","protected":false},"excerpt":{"rendered":"<p>Pribatutasun politika Sozietatearen izena: Asiain Gestor\u00eda SLHelbidea: ZUZEN AHOLKULARITZA S.L.IFK: B20550661Telefonoa: 943 15 05 55Posta elektronikoa: C\/ JOS\u00c9 ARTETXE, 17 &#8211; 1, AZPEITIA 20730 GIPUZKOADomeinuaren izena: zuzenaholku@hotmail.com Datu pertsonalen babesa ZUZEN AHOLKULARITZA S.L.-ren, jabetzakoa den webgune honetan, gure erabiltzaileek emandako datu pertsonalak erabat babesten ditugula ziurtatzen dugu. Atal honetan, interesdunaren eskura jartzen dugu gure enpresak [&hellip;]<\/p>\n","protected":false},"author":3,"featured_media":0,"parent":0,"menu_order":100,"comment_status":"closed","ping_status":"closed","template":"","meta":{"footnotes":""},"class_list":["post-24956","page","type-page","status-publish","hentry"],"yoast_head":"<!-- This site is optimized with the Yoast SEO plugin v26.9 - https:\/\/yoast.com\/product\/yoast-seo-wordpress\/ -->\n<title>Pribatutasun politika - Zuzen Aholkularitza<\/title>\n<meta name=\"robots\" content=\"noindex, nofollow\" \/>\n<meta property=\"og:locale\" content=\"eu_ES\" \/>\n<meta property=\"og:type\" content=\"article\" \/>\n<meta property=\"og:title\" content=\"Pribatutasun politika - Zuzen Aholkularitza\" \/>\n<meta property=\"og:description\" content=\"Pribatutasun politika Sozietatearen izena: Asiain Gestor\u00eda SLHelbidea: ZUZEN AHOLKULARITZA S.L.IFK: B20550661Telefonoa: 943 15 05 55Posta elektronikoa: C\/ JOS\u00c9 ARTETXE, 17 &#8211; 1, AZPEITIA 20730 GIPUZKOADomeinuaren izena: zuzenaholku@hotmail.com Datu pertsonalen babesa ZUZEN AHOLKULARITZA S.L.-ren, jabetzakoa den webgune honetan, gure erabiltzaileek emandako datu pertsonalak erabat babesten ditugula ziurtatzen dugu. Atal honetan, interesdunaren eskura jartzen dugu gure enpresak [&hellip;]\" \/>\n<meta property=\"og:url\" content=\"https:\/\/zuzenaholkularitza.com\/eu\/pribatutasun-politika\/\" \/>\n<meta property=\"og:site_name\" content=\"Zuzen Aholkularitza\" \/>\n<meta property=\"article:modified_time\" content=\"2026-01-29T08:13:36+00:00\" \/>\n<meta name=\"twitter:card\" content=\"summary_large_image\" \/>\n<meta name=\"twitter:label1\" content=\"Est. reading time\" \/>\n\t<meta name=\"twitter:data1\" content=\"3 minutes\" \/>\n<script type=\"application\/ld+json\" class=\"yoast-schema-graph\">{\"@context\":\"https:\/\/schema.org\",\"@graph\":[{\"@type\":\"WebPage\",\"@id\":\"https:\/\/zuzenaholkularitza.com\/eu\/pribatutasun-politika\/\",\"url\":\"https:\/\/zuzenaholkularitza.com\/eu\/pribatutasun-politika\/\",\"name\":\"Pribatutasun politika - Zuzen Aholkularitza\",\"isPartOf\":{\"@id\":\"https:\/\/zuzenaholkularitza.com\/#website\"},\"datePublished\":\"2023-12-14T12:52:38+00:00\",\"dateModified\":\"2026-01-29T08:13:36+00:00\",\"breadcrumb\":{\"@id\":\"https:\/\/zuzenaholkularitza.com\/eu\/pribatutasun-politika\/#breadcrumb\"},\"inLanguage\":\"eu-ES\",\"potentialAction\":[{\"@type\":\"ReadAction\",\"target\":[\"https:\/\/zuzenaholkularitza.com\/eu\/pribatutasun-politika\/\"]}]},{\"@type\":\"BreadcrumbList\",\"@id\":\"https:\/\/zuzenaholkularitza.com\/eu\/pribatutasun-politika\/#breadcrumb\",\"itemListElement\":[{\"@type\":\"ListItem\",\"position\":1,\"name\":\"Portada\",\"item\":\"https:\/\/zuzenaholkularitza.com\/eu\/\"},{\"@type\":\"ListItem\",\"position\":2,\"name\":\"Pribatutasun politika\"}]},{\"@type\":\"WebSite\",\"@id\":\"https:\/\/zuzenaholkularitza.com\/#website\",\"url\":\"https:\/\/zuzenaholkularitza.com\/\",\"name\":\"Zuzen Gestor\u00eda\",\"description\":\"Tr\u00e1mites r\u00e1pidos y seguros\",\"publisher\":{\"@id\":\"https:\/\/zuzenaholkularitza.com\/#organization\"},\"potentialAction\":[{\"@type\":\"SearchAction\",\"target\":{\"@type\":\"EntryPoint\",\"urlTemplate\":\"https:\/\/zuzenaholkularitza.com\/?s={search_term_string}\"},\"query-input\":{\"@type\":\"PropertyValueSpecification\",\"valueRequired\":true,\"valueName\":\"search_term_string\"}}],\"inLanguage\":\"eu-ES\"},{\"@type\":\"Organization\",\"@id\":\"https:\/\/zuzenaholkularitza.com\/#organization\",\"name\":\"Zuzen Gestor\u00eda\",\"url\":\"https:\/\/zuzenaholkularitza.com\/\",\"logo\":{\"@type\":\"ImageObject\",\"inLanguage\":\"eu-ES\",\"@id\":\"https:\/\/zuzenaholkularitza.com\/#\/schema\/logo\/image\/\",\"url\":\"https:\/\/zuzenaholkularitza.com\/wp-content\/uploads\/2023\/11\/zuzen-logo.png\",\"contentUrl\":\"https:\/\/zuzenaholkularitza.com\/wp-content\/uploads\/2023\/11\/zuzen-logo.png\",\"width\":910,\"height\":540,\"caption\":\"Zuzen Gestor\u00eda\"},\"image\":{\"@id\":\"https:\/\/zuzenaholkularitza.com\/#\/schema\/logo\/image\/\"}}]}<\/script>\n<!-- \/ Yoast SEO plugin. -->","yoast_head_json":{"title":"Pribatutasun politika - Zuzen Aholkularitza","robots":{"index":"noindex","follow":"nofollow"},"og_locale":"eu_ES","og_type":"article","og_title":"Pribatutasun politika - Zuzen Aholkularitza","og_description":"Pribatutasun politika Sozietatearen izena: Asiain Gestor\u00eda SLHelbidea: ZUZEN AHOLKULARITZA S.L.IFK: B20550661Telefonoa: 943 15 05 55Posta elektronikoa: C\/ JOS\u00c9 ARTETXE, 17 &#8211; 1, AZPEITIA 20730 GIPUZKOADomeinuaren izena: zuzenaholku@hotmail.com Datu pertsonalen babesa ZUZEN AHOLKULARITZA S.L.-ren, jabetzakoa den webgune honetan, gure erabiltzaileek emandako datu pertsonalak erabat babesten ditugula ziurtatzen dugu. Atal honetan, interesdunaren eskura jartzen dugu gure enpresak [&hellip;]","og_url":"https:\/\/zuzenaholkularitza.com\/eu\/pribatutasun-politika\/","og_site_name":"Zuzen Aholkularitza","article_modified_time":"2026-01-29T08:13:36+00:00","twitter_card":"summary_large_image","twitter_misc":{"Est. reading time":"3 minutes"},"schema":{"@context":"https:\/\/schema.org","@graph":[{"@type":"WebPage","@id":"https:\/\/zuzenaholkularitza.com\/eu\/pribatutasun-politika\/","url":"https:\/\/zuzenaholkularitza.com\/eu\/pribatutasun-politika\/","name":"Pribatutasun politika - Zuzen Aholkularitza","isPartOf":{"@id":"https:\/\/zuzenaholkularitza.com\/#website"},"datePublished":"2023-12-14T12:52:38+00:00","dateModified":"2026-01-29T08:13:36+00:00","breadcrumb":{"@id":"https:\/\/zuzenaholkularitza.com\/eu\/pribatutasun-politika\/#breadcrumb"},"inLanguage":"eu-ES","potentialAction":[{"@type":"ReadAction","target":["https:\/\/zuzenaholkularitza.com\/eu\/pribatutasun-politika\/"]}]},{"@type":"BreadcrumbList","@id":"https:\/\/zuzenaholkularitza.com\/eu\/pribatutasun-politika\/#breadcrumb","itemListElement":[{"@type":"ListItem","position":1,"name":"Portada","item":"https:\/\/zuzenaholkularitza.com\/eu\/"},{"@type":"ListItem","position":2,"name":"Pribatutasun politika"}]},{"@type":"WebSite","@id":"https:\/\/zuzenaholkularitza.com\/#website","url":"https:\/\/zuzenaholkularitza.com\/","name":"Zuzen Gestor\u00eda","description":"Tr\u00e1mites r\u00e1pidos y seguros","publisher":{"@id":"https:\/\/zuzenaholkularitza.com\/#organization"},"potentialAction":[{"@type":"SearchAction","target":{"@type":"EntryPoint","urlTemplate":"https:\/\/zuzenaholkularitza.com\/?s={search_term_string}"},"query-input":{"@type":"PropertyValueSpecification","valueRequired":true,"valueName":"search_term_string"}}],"inLanguage":"eu-ES"},{"@type":"Organization","@id":"https:\/\/zuzenaholkularitza.com\/#organization","name":"Zuzen Gestor\u00eda","url":"https:\/\/zuzenaholkularitza.com\/","logo":{"@type":"ImageObject","inLanguage":"eu-ES","@id":"https:\/\/zuzenaholkularitza.com\/#\/schema\/logo\/image\/","url":"https:\/\/zuzenaholkularitza.com\/wp-content\/uploads\/2023\/11\/zuzen-logo.png","contentUrl":"https:\/\/zuzenaholkularitza.com\/wp-content\/uploads\/2023\/11\/zuzen-logo.png","width":910,"height":540,"caption":"Zuzen Gestor\u00eda"},"image":{"@id":"https:\/\/zuzenaholkularitza.com\/#\/schema\/logo\/image\/"}}]}},"_links":{"self":[{"href":"https:\/\/zuzenaholkularitza.com\/eu\/wp-json\/wp\/v2\/pages\/24956","targetHints":{"allow":["GET"]}}],"collection":[{"href":"https:\/\/zuzenaholkularitza.com\/eu\/wp-json\/wp\/v2\/pages"}],"about":[{"href":"https:\/\/zuzenaholkularitza.com\/eu\/wp-json\/wp\/v2\/types\/page"}],"author":[{"embeddable":true,"href":"https:\/\/zuzenaholkularitza.com\/eu\/wp-json\/wp\/v2\/users\/3"}],"replies":[{"embeddable":true,"href":"https:\/\/zuzenaholkularitza.com\/eu\/wp-json\/wp\/v2\/comments?post=24956"}],"version-history":[{"count":7,"href":"https:\/\/zuzenaholkularitza.com\/eu\/wp-json\/wp\/v2\/pages\/24956\/revisions"}],"predecessor-version":[{"id":25723,"href":"https:\/\/zuzenaholkularitza.com\/eu\/wp-json\/wp\/v2\/pages\/24956\/revisions\/25723"}],"wp:attachment":[{"href":"https:\/\/zuzenaholkularitza.com\/eu\/wp-json\/wp\/v2\/media?parent=24956"}],"curies":[{"name":"wp","href":"https:\/\/api.w.org\/{rel}","templated":true}]}}